{"id":1270,"date":"2026-04-16T10:23:01","date_gmt":"2026-04-16T08:23:01","guid":{"rendered":"https:\/\/visitme.comune.messina.it\/?page_id=1270"},"modified":"2026-04-16T11:05:30","modified_gmt":"2026-04-16T09:05:30","slug":"contactos","status":"publish","type":"page","link":"https:\/\/visitme.comune.messina.it\/es\/contactos\/","title":{"rendered":"Contactos"},"content":{"rendered":"<div class=\"et_pb_section_0 et_pb_section et_section_regular et_block_section\">\n<div class=\"et_pb_row_0 et_pb_row et_flex_row\">\n<div class=\"et_pb_column_0 et_pb_column et-last-child et_flex_column et_pb_css_mix_blend_mode_passthrough et_flex_column_24_24 et_flex_column_24_24_tablet et_flex_column_24_24_phone\">\n<div class=\"et_pb_text_0 et_pb_text et_pb_bg_layout_light et_animated et_pb_module et_block_module\"><div class=\"et_pb_text_inner\"><h1 style=\"text-align: center;\"><strong>DEPARTAMENTO DE TURISMO DEL MUNICIPIO DE MESSINA<\/strong><\/h1>\n<\/div><\/div>\n\n<div class=\"et_pb_divider_0 et_pb_divider et_pb_space et_pb_divider_position_top et_pb_module\"><div class=\"et_pb_divider_internal\"><\/div><\/div>\n\n<div class=\"et_pb_text_1 et_pb_text et_pb_bg_layout_light et_pb_module et_flex_module\"><div class=\"et_pb_text_inner\"><h1>Punto de Informaci\u00f3n Tur\u00edstica<\/h1>\n<h2>Via Consolato del Mare, 19, 98122 Mesina<br \/>Telf. 090 7723107<\/h2>\n<h1>Departamento de Turismo de Messina<\/h1>\n<h2>Via Argentieri 2, 98122 Messina<br \/>Telf. 090 7723307<br \/>Correo electr\u00f3nico: visitme@comune.messina.it<\/h2>\n<\/div><\/div>\n<\/div>\n<\/div>\n\n<div class=\"et_pb_row_1 et_pb_row et_flex_row\">\n<div class=\"et_pb_column_1 et_pb_column et_block_column et_pb_css_mix_blend_mode_passthrough et_flex_column_3_5 et_flex_column_3_5_tablet et_flex_column_24_24_phone\">\n<div class=\"et_pb_code_0 et_pb_code et_pb_text_align_center et_animated et_pb_module\"><div class=\"et_pb_code_inner\"><iframe src=\"https:\/\/www.google.com\/maps\/embed?pb=!1m18!1m12!1m3!1d888.7194089623398!2d15.556131579891318!3d38.192857119989654!2m3!1f0!2f0!3f0!3m2!1i1024!2i768!4f13.1!3m3!1m2!1s0x13144f36cfeb24f5%3A0xdd4f005dc2eac898!2sTourist%20Info%20Point!5e1!3m2!1sit!2sit!4v1759396170923!5m2!1sit!2sit\" width=\"800\" height=\"450\" style=\"border:0;\" allowfullscreen=\"\" loading=\"lazy\" referrerpolicy=\"no-referrer-when-downgrade\"><\/iframe><\/div><\/div>\n<\/div>\n\n<div class=\"et_pb_column_2 et_pb_column et-last-child et_flex_column et_pb_css_mix_blend_mode_passthrough et_flex_column_2_5 et_flex_column_2_5_tablet et_flex_column_24_24_phone\">\n<div class=\"et_pb_text_2 et_pb_text et_pb_bg_layout_light et_pb_module et_flex_module\"><div class=\"et_pb_text_inner\"><h1>Punto de Informaci\u00f3n Tur\u00edstica<\/h1>\n<h2>Via Consolato del Mare, 19, 98122 Mesina<br \/>Telf. 090 7723107<\/h2>\n<h1>Departamento de Turismo de Messina<\/h1>\n<h2>Via Argentieri 2, 98122 Messina<br \/>Telf. 090 7723307<br \/>Correo electr\u00f3nico: visitme@comune.messina.it<\/h2>\n<\/div><\/div>\n<\/div>\n<\/div>\n<\/div>\n\n<div class=\"et_pb_section_1 et_pb_section et_section_regular et_block_section\">\n<div class=\"et_pb_row_2 et_pb_row et_pb_row_1-4_1-2_1-4 et_block_row et_block_row_1-4_1-2_1-4\">\n<div class=\"et_pb_column_3 et_pb_column et_pb_column_1_4 et_block_column et_pb_css_mix_blend_mode_passthrough\">\n<div class=\"et_pb_blurb_0 et_pb_blurb et_pb_bg_layout_light et_pb_blurb_position_top et_pb_module et_block_module\"><div class=\"et_pb_blurb_content\"><div class=\"et_pb_main_blurb_image\"><span class=\"et_pb_image_wrap et_pb_only_image_mode_wrap\"><img loading=\"lazy\" decoding=\"async\" src=\"https:\/\/visitme.comune.messina.it\/wp-content\/uploads\/2025\/06\/Logo-VisitME-def-singolo.png\" width=\"1821\" height=\"1124\" srcset=\"https:\/\/visitme.comune.messina.it\/wp-content\/uploads\/2025\/06\/Logo-VisitME-def-singolo.png 1821w, https:\/\/visitme.comune.messina.it\/wp-content\/uploads\/2025\/06\/Logo-VisitME-def-singolo-1280x790.png 1280w, https:\/\/visitme.comune.messina.it\/wp-content\/uploads\/2025\/06\/Logo-VisitME-def-singolo-980x605.png 980w, https:\/\/visitme.comune.messina.it\/wp-content\/uploads\/2025\/06\/Logo-VisitME-def-singolo-480x296.png 480w\" sizes=\"(min-width: 0px) and (max-width: 480px) 480px, (min-width: 481px) and (max-width: 980px) 980px, (min-width: 981px) and (max-width: 1280px) 1280px, (min-width: 1281px) 1821px, 100vw\" class=\"et_animated wp-image-1095\" alt=\"VisitME Logo\" \/><\/span><\/div><div class=\"et_pb_blurb_container\"><h1 class=\"et_pb_module_header\">VisitME Messina<\/h1><div class=\"et_pb_blurb_description\"><p>Marca tur\u00edstica de la ciudad de Messina. Editada por el Departamento de Turismo de la ciudad de Messina.<\/p>\n<\/div><\/div><\/div><\/div>\n<\/div>\n\n<div class=\"et_pb_column_4 et_pb_column et_pb_column_1_2 et_block_column et_pb_css_mix_blend_mode_passthrough\">\n<div class=\"et_pb_contact_form_0 et_pb_contact_form_container clearfix et_pb_module et_flex_module\" data-form_unique_num=\"0\" data-form_unique_id=\"7067d836e5cc6b8d0df5f1ee01accc26\" id=\"et_pb_contact_form_7067d836e5cc6b8d0df5f1ee01accc26\"><h1 class=\"et_pb_contact_main_title\">Cont\u00e1ctanos para obtener m\u00e1s informaci\u00f3n.<\/h1><div class=\"et-pb-contact-message\"><\/div><div class=\"et_pb_contact\"><form class=\"et_pb_contact_form et_flex_module\" method=\"post\" action=\"https:\/\/visitme.comune.messina.it\/es\/wp-json\/wp\/v2\/pages\/1270\">\n<div class=\"et_pb_contact_field_0 et_pb_contact_field et_pb_module et_flex_module et_flex_column_12_24 et_flex_column_12_24_tablet et_flex_column_12_24_phone\" data-id=\"name\" data-type=\"input\"><label class=\"et_pb_contact_form_label\" for=\"et_pb_contact_0_name_0\">Nombre y Apellido<\/label><input type=\"text\" name=\"et_pb_contact_0_name_0\" id=\"et_pb_contact_0_name_0\" class=\"input\" data-required_mark=\"required\" data-field_type=\"input\" data-original_id=\"name\" placeholder=\"Nombre y Apellido\" title=\"\" value=\"\" \/><\/div>\n\n<div class=\"et_pb_contact_field_1 et_pb_contact_field et_pb_module et_flex_module et_flex_column_12_24 et_flex_column_12_24_tablet et_flex_column_12_24_phone\" data-id=\"email\" data-type=\"email\"><label class=\"et_pb_contact_form_label\" for=\"et_pb_contact_0_email_1\">Correo electr\u00f3nico<\/label><input type=\"text\" name=\"et_pb_contact_0_email_1\" id=\"et_pb_contact_0_email_1\" class=\"input\" data-required_mark=\"required\" data-field_type=\"email\" data-original_id=\"email\" placeholder=\"Correo electr\u00f3nico\" title=\"\" value=\"\" \/><\/div>\n\n<div class=\"et_pb_contact_field_2 et_pb_contact_field et_pb_module et_flex_module et_flex_column_24_24 et_flex_column_24_24_tablet et_flex_column_24_24_phone\" data-id=\"message\" data-type=\"text\"><label class=\"et_pb_contact_form_label\" for=\"et_pb_contact_0_message_2\">Mensaje<\/label><textarea name=\"et_pb_contact_0_message_2\" id=\"et_pb_contact_0_message_2\" class=\"et_pb_contact_message input\" data-required_mark=\"required\" data-field_type=\"text\" data-original_id=\"message\" placeholder=\"Mensaje\"><\/textarea><\/div>\n<input type=\"hidden\" name=\"et_pb_contactform_submit_7067d836e5cc6b8d0df5f1ee01accc26\" value=\"et_contact_proccess\" \/><div class=\"et_contact_bottom_container\"><div class=\"et_pb_contact_right et_pb_contact_field\"><p class=\"clearfix\"><label><span class=\"et_pb_contact_captcha_question\">14 + 4<\/span> = <input type=\"text\" size=\"2\" class=\"input et_pb_contact_captcha\" data-first_digit=\"14\" data-second_digit=\"4\" data-required_mark=\"required\" name=\"et_pb_contact_captcha_7067d836e5cc6b8d0df5f1ee01accc26\" autocomplete=\"off\" \/><\/label><\/p><\/div><div class=\"et_pb_button_wrapper\"><button type=\"submit\" name=\"et_builder_submit_button\" class=\"et_pb_button et_pb_contact_submit\">Enviar<\/button><\/div><\/div><input type=\"hidden\" id=\"_wpnonce-et-pb-contact-form-submitted-7067d836e5cc6b8d0df5f1ee01accc26\" name=\"_wpnonce-et-pb-contact-form-submitted-7067d836e5cc6b8d0df5f1ee01accc26\" value=\"2c11049833\" \/><input type=\"hidden\" name=\"_wp_http_referer\" value=\"\/es\/wp-json\/wp\/v2\/pages\/1270\" \/><\/form><\/div><\/div>\n<\/div>\n\n<div class=\"et_pb_column_5 et_pb_column et_pb_column_1_4 et-last-child et_block_column et_pb_css_mix_blend_mode_passthrough\">\n<div class=\"et_pb_text_3 et_pb_text et_pb_bg_layout_light et_pb_module et_block_module\"><div class=\"et_pb_text_inner\"><h1><strong>Link Utili<\/strong><\/h1>\n<p>\u00a0<\/p>\n<p><a href=\"https:\/\/visitme.comune.messina.it\/es\/contactos\"><strong>Contactos<\/strong><\/a><\/p>\n<p><a href=\"https:\/\/comune.messina.it\/it\"><strong>Municipio de Messina<\/strong><\/a><\/p>\n<p><a href=\"https:\/\/eventi.comune.messina.it\/\"><strong>Eventos de Messina<\/strong><\/a><\/p>\n<p><a href=\"https:\/\/youngme.comune.messina.it\/\"><strong>YoungME<\/strong><\/a><\/p>\n<p><a href=\"https:\/\/visitme.comune.messina.it\/es\/brand-visitme\/\"><strong>Brand VisitME<\/strong><\/a><\/p>\n<\/div><\/div>\n<\/div>\n<\/div>\n<\/div>","protected":false},"excerpt":{"rendered":"","protected":false},"author":2,"featured_media":0,"parent":0,"menu_order":0,"comment_status":"closed","ping_status":"closed","template":"","meta":{"footnotes":""},"class_list":["post-1270","page","type-page","status-publish","hentry"],"_links":{"self":[{"href":"https:\/\/visitme.comune.messina.it\/es\/wp-json\/wp\/v2\/pages\/1270","targetHints":{"allow":["GET"]}}],"collection":[{"href":"https:\/\/visitme.comune.messina.it\/es\/wp-json\/wp\/v2\/pages"}],"about":[{"href":"https:\/\/visitme.comune.messina.it\/es\/wp-json\/wp\/v2\/types\/page"}],"author":[{"embeddable":true,"href":"https:\/\/visitme.comune.messina.it\/es\/wp-json\/wp\/v2\/users\/2"}],"replies":[{"embeddable":true,"href":"https:\/\/visitme.comune.messina.it\/es\/wp-json\/wp\/v2\/comments?post=1270"}],"version-history":[{"count":3,"href":"https:\/\/visitme.comune.messina.it\/es\/wp-json\/wp\/v2\/pages\/1270\/revisions"}],"predecessor-version":[{"id":1274,"href":"https:\/\/visitme.comune.messina.it\/es\/wp-json\/wp\/v2\/pages\/1270\/revisions\/1274"}],"wp:attachment":[{"href":"https:\/\/visitme.comune.messina.it\/es\/wp-json\/wp\/v2\/media?parent=1270"}],"curies":[{"name":"wp","href":"https:\/\/api.w.org\/{rel}","templated":true}]}}